{"id":22746,"date":"2025-04-21T10:03:50","date_gmt":"2025-04-21T14:03:50","guid":{"rendered":"https:\/\/h2lac.org\/impressum\/"},"modified":"2025-04-21T10:04:09","modified_gmt":"2025-04-21T14:04:09","slug":"impressum","status":"publish","type":"page","link":"\/en\/impressum\/","title":{"rendered":"Impressum"},"content":{"rendered":"<section class=\"l-section wpb_row us_custom_c004e2ff height_medium\"><div class=\"l-section-h i-cf\"><div class=\"g-cols vc_row via_grid cols_1 laptops-cols_inherit tablets-cols_inherit mobiles-cols_1 valign_top type_default stacking_default\"><div class=\"wpb_column vc_column_container\"><div class=\"vc_column-inner\"><div class=\"wpb_text_column us_custom_6df4bc3a has_text_color\"><div class=\"wpb_wrapper\"><h1><strong>Impressum<\/strong><\/h1>\n<\/div><\/div><\/div><\/div><\/div><\/div><\/section><section class=\"l-section wpb_row us_custom_8535c5f4 height_medium\"><div class=\"l-section-h i-cf\"><div class=\"g-cols vc_row via_grid cols_1 laptops-cols_inherit tablets-cols_inherit mobiles-cols_1 valign_top type_default stacking_default\"><div class=\"wpb_column vc_column_container\"><div class=\"vc_column-inner\"><nav class=\"g-breadcrumbs separator_icon align_none\" itemscope itemtype=\"http:\/\/schema.org\/BreadcrumbList\"><div class=\"g-breadcrumbs-item\" itemscope itemprop=\"itemListElement\" itemtype=\"http:\/\/schema.org\/ListItem\"><a itemprop=\"item\" href=\"\/en\/\"><span itemprop=\"name\">Home<\/span><\/a><meta itemprop=\"position\" content=\"1\"\/><\/div><div class=\"g-breadcrumbs-separator\"><i class=\"far fa-angle-right\"><\/i><\/div><div class=\"g-breadcrumbs-item\">Pages<\/div><\/nav><\/div><\/div><\/div><\/div><\/section><section class=\"l-section wpb_row height_medium\"><div class=\"l-section-h i-cf\"><div class=\"g-cols vc_row via_grid cols_1 laptops-cols_inherit tablets-cols_inherit mobiles-cols_1 valign_top type_default stacking_default\"><div class=\"wpb_column vc_column_container\"><div class=\"vc_column-inner\"><div class=\"wpb_text_column\"><div class=\"wpb_wrapper\"><p>Como empresa federal, la GIZ asiste al Gobierno de la Rep\u00fablica Federal de Alemania en su labor para alcanzar sus objetivos en el \u00e1mbito de la cooperaci\u00f3n internacional para el desarrollo sostenible.<\/p>\n<p><strong>Publicado por:<\/strong><br \/>\nDeutsche Gesellschaft f\u00fcr Internationale Zusammenarbeit (GIZ) GmbH<\/p>\n<p><strong>Domicilios de la Sociedad<\/strong><br \/>\nBonn y Eschborn, Alemania<\/p>\n<p>Friedrich-Ebert-Allee 36 + 40<br \/>\n53113 Bonn<br \/>\nT +49 228 44 60-0<br \/>\nF +49 228 4460-17 66<\/p>\n<p>Dag-Hammarskj\u00f6ld-Weg 1 \u2013 5<br \/>\n65760 Eschborn<br \/>\nT +49 6196 79-0<br \/>\nF +49 6196 79-11 15<\/p>\n<p>E info@giz.de<br \/>\nI www.giz.de<\/p>\n<p><strong>Registro mercantil<\/strong><br \/>\nJuzgado local (Amtsgericht)<br \/>\nBonn, Alemania<br \/>\nNro. de registro: HRB 18384<br \/>\nJuzgado local (Amtsgericht)<br \/>\nFr\u00e1ncfort del Meno, Alemania<br \/>\nNro. de registro: HRB 12394<\/p>\n<p><strong>Presidente del Consejo de Vigilancia<\/strong><br \/>\nMartin J\u00e4ger, Secretario de Estado<\/p>\n<p><strong>Consejo de Administraci\u00f3n<\/strong><br \/>\nTanja G\u00f6nner (Presidenta del Consejo de Administraci\u00f3n)<br \/>\nIngrid-Gabriela Hoven<br \/>\nThorsten Sch\u00e4fer-G\u00fcmbel<\/p>\n<p><strong>Referencias a URL:<\/strong><br \/>\nLa presente publicaci\u00f3n contiene referencias a p\u00e1ginas web externas. Los contenidos de las p\u00e1ginas externas mencionadas son responsabilidad exclusiva del respectivo proveedor. Al incluir una referencia por primera vez, la GIZ ha comprobado que los contenidos ajenos no den lugar a eventuales responsabilidades civiles o penales. Sin embargo, no puede esperarse un control permanente de los contenidos de las referencias a p\u00e1ginas externas sin que existan indicios concretos de una infracci\u00f3n de \u00edndole legal. Cuando la GIZ constate o sea informada por terceros que una p\u00e1gina externa a la que ha remitido da lugar a responsabilidades civiles o penales, eliminar\u00e1 de inmediato la referencia a dicha p\u00e1gina. La GIZ se distancia expresamente de tales contenidos.<\/p>\n<p><strong>Material cartogr\u00e1fico:<\/strong><br \/>\nLas representaciones cartogr\u00e1ficas tienen car\u00e1cter netamente informativo y no han sido validadas por fuentes del derecho internacional p\u00fablico en lo que respecta a la determinaci\u00f3n de fronteras y territorios. La GIZ no garantiza la actualidad, exactitud o integridad del material cartogr\u00e1fico puesto a disposici\u00f3n. No se asume responsabilidad alguna por cualquier perjuicio surgido directa o indirectamente de su uso.<\/p>\n<\/div><\/div><\/div><\/div><\/div><\/div><\/section>\n","protected":false},"excerpt":{"rendered":"Impressum HomePagesComo empresa federal, la GIZ asiste al Gobierno de la Rep\u00fablica Federal de Alemania en su labor para alcanzar sus objetivos en el \u00e1mbito de la cooperaci\u00f3n internacional para el desarrollo sostenible. Publicado por: Deutsche Gesellschaft f\u00fcr Internationale Zusammenarbeit (GIZ) GmbH Domicilios de la Sociedad Bonn y Eschborn, Alemania Friedrich-Ebert-Allee 36 + 40 53113...","protected":false},"author":1,"featured_media":0,"parent":0,"menu_order":0,"comment_status":"closed","ping_status":"closed","template":"","meta":{"_acf_changed":false,"inline_featured_image":false,"footnotes":""},"pais":[],"class_list":["post-22746","page","type-page","status-publish","hentry"],"acf":[],"_links":{"self":[{"href":"\/en\/wp-json\/wp\/v2\/pages\/22746","targetHints":{"allow":["GET"]}}],"collection":[{"href":"\/en\/wp-json\/wp\/v2\/pages"}],"about":[{"href":"\/en\/wp-json\/wp\/v2\/types\/page"}],"author":[{"embeddable":true,"href":"\/en\/wp-json\/wp\/v2\/users\/1"}],"replies":[{"embeddable":true,"href":"\/en\/wp-json\/wp\/v2\/comments?post=22746"}],"version-history":[{"count":1,"href":"\/en\/wp-json\/wp\/v2\/pages\/22746\/revisions"}],"predecessor-version":[{"id":22749,"href":"\/en\/wp-json\/wp\/v2\/pages\/22746\/revisions\/22749"}],"wp:attachment":[{"href":"\/en\/wp-json\/wp\/v2\/media?parent=22746"}],"wp:term":[{"taxonomy":"pais","embeddable":true,"href":"\/en\/wp-json\/wp\/v2\/pais?post=22746"}],"curies":[{"name":"wp","href":"https:\/\/api.w.org\/{rel}","templated":true}]}}