{"id":22730,"date":"2025-04-21T10:03:06","date_gmt":"2025-04-21T14:03:06","guid":{"rendered":"https:\/\/h2lac.org\/data-protection\/"},"modified":"2025-04-21T10:03:58","modified_gmt":"2025-04-21T14:03:58","slug":"data-protection","status":"publish","type":"page","link":"\/en\/data-protection\/","title":{"rendered":"Data protection"},"content":{"rendered":"<section class=\"l-section wpb_row us_custom_c004e2ff height_medium\"><div class=\"l-section-h i-cf\"><div class=\"g-cols vc_row via_grid cols_1 laptops-cols_inherit tablets-cols_inherit mobiles-cols_1 valign_top type_default stacking_default\"><div class=\"wpb_column vc_column_container\"><div class=\"vc_column-inner\"><div class=\"wpb_text_column us_custom_6df4bc3a has_text_color\"><div class=\"wpb_wrapper\"><h1>Data <strong>Protection<\/strong><br \/><\/h1>\n<\/div><\/div><\/div><\/div><\/div><\/div><\/section><section class=\"l-section wpb_row us_custom_8535c5f4 height_medium\"><div class=\"l-section-h i-cf\"><div class=\"g-cols vc_row via_grid cols_1 laptops-cols_inherit tablets-cols_inherit mobiles-cols_1 valign_top type_default stacking_default\"><div class=\"wpb_column vc_column_container\"><div class=\"vc_column-inner\"><nav class=\"g-breadcrumbs separator_icon align_none\" itemscope itemtype=\"http:\/\/schema.org\/BreadcrumbList\"><div class=\"g-breadcrumbs-item\" itemscope itemprop=\"itemListElement\" itemtype=\"http:\/\/schema.org\/ListItem\"><a itemprop=\"item\" href=\"\/en\/\"><span itemprop=\"name\">Home<\/span><\/a><meta itemprop=\"position\" content=\"1\"\/><\/div><div class=\"g-breadcrumbs-separator\"><i class=\"far fa-angle-right\"><\/i><\/div><div class=\"g-breadcrumbs-item\">Pages<\/div><\/nav><\/div><\/div><\/div><\/div><\/section><section class=\"l-section wpb_row height_medium\"><div class=\"l-section-h i-cf\"><div class=\"g-cols vc_row via_grid cols_1 laptops-cols_inherit tablets-cols_inherit mobiles-cols_1 valign_top type_default stacking_default\"><div class=\"wpb_column vc_column_container\"><div class=\"vc_column-inner\"><div class=\"wpb_text_column\"><div class=\"wpb_wrapper\"><p>\nLa entidad responsable para el tratamiento de datos es la Deutsche Gesellschaft f\u00fcr Internationale Zusammenarbeit (GIZ) GmbH.&#13;<\/p>\n<p><strong>Direcci\u00f3n de su sede central:<\/strong><br \/>Friedrich-Ebert-Allee 36 + 40, 53113 Bonn<br \/>Dag-Hammarskj\u00f6ld-Weg 1\u20135, 65760 Eschborn<br \/>E: <a href=\"mailto:ursula.richter@giz.de\">ursula.richter@giz.de<\/a><br \/>I: <a href=\"https:\/\/www.giz.de\">www.giz.de<\/a><br \/>Contacto de persona responsable: datenschutzbeauftragter@giz.de<\/p>\n<p>&#13;<\/p>\n<\/div><\/div><div class=\"w-separator size_medium\"><\/div><div class=\"wpb_text_column\"><div class=\"wpb_wrapper\"><p>&#13;<\/p>\n<h2 class=\"wp-block-heading\">Registration and processing of personal data<\/h2>\n<p>&#13;<\/p>\n<h3><strong>General information<\/strong><\/h3>\n<p>&#13;<\/p>\n<p>La Deutsche Gesellschaft f\u00fcr Internationale Zusammenarbeit (GIZ) GmbH es una organizaci\u00f3n sin fines de lucro que opera a nivel mundial en el \u00e1mbito de la cooperaci\u00f3n internacional. GIZ opera como empresa privada de la Uni\u00f3n de Estados Federales de la Rep\u00fablica de Alemania en apoyo a su pol\u00edtica de desarrollo, cuyo objetivo es mejorar las condiciones de vida de las personas alrededor del mundo y mantener los recursos naturales que son el sustento de las mismas.<\/p>\n<p>&#13;<\/p>\n<h3><strong>Visitor analysis<\/strong><\/h3>\n<p>&#13;<\/p>\n<p>En este sitio web se utilizan herramientas de estad\u00edstica de la empresa Matomo Analytics (www.matomo.org), de c\u00f3digo libre con colaboradores de todo el mundo. Cada vez que un usuario accede al sitio web www.h2lac.org y cada vez que se recupera un archivo, los datos relativos a este proceso se almacenan temporalmente y se procesan en un archivo de registro. Antes del almacenamiento, cada dato ser\u00e1 anonimizado cambiando la direcci\u00f3n IP.<br \/>En detalle, se almacenan los siguientes datos para cada acceso.<\/p>\n<p>&#13;<\/p>\n<ul>&#13;<\/p>\n<li>Caracter\u00edsticas t\u00e9cnicas del navegador utilizado,<\/li>\n<p>&#13;<\/p>\n<li>direcci\u00f3n IP an\u00f3nima,<\/li>\n<p>&#13;<\/p>\n<li>fecha y hora,<\/li>\n<p>&#13;<\/p>\n<li>p\u00e1gina\/nombre del archivo recuperado,<\/li>\n<p>&#13;<\/p>\n<li>cantidad de datos transferidos,<\/li>\n<p>&#13;<\/p>\n<li>mensaje de si el acceso\/recuperaci\u00f3n se ha realizado correctamente.<\/li>\n<p>&#13;\n<\/ul>\n<p>&#13;<\/p>\n<p>Cuando se accede a p\u00e1ginas individuales, se utilizan las llamadas cookies temporales para facilitar la navegaci\u00f3n. Las cookies son peque\u00f1os archivos de texto que se almacenan localmente en la cach\u00e9 del navegador de Internet del visitante. Estas cookies de sesi\u00f3n no contienen datos personales y caducan al final de la sesi\u00f3n o al final de una encuesta de usuarios, que normalmente se realiza cada dos a\u00f1os. Puede desactivar o restringir la transmisi\u00f3n de cookies cambiando la configuraci\u00f3n de su navegador web.<\/p>\n<p>&#13;<\/p>\n<p>Es posible oponerse al tratamiento de los datos de los usuarios con el fin de analizar su comportamiento.<br \/>Al desactivar el registro de los datos se instala un cookie en el navegador del dispositivo del usuario que bloquea el almacenamiento de los datos sobre la visita del sitio. Para que su funcionamiento sea constante, el cookie deber\u00e1 ser instalado en todos los navegadores (ej. Internet-Explorer, Chrome, Mozilla Firefox) y en todos los dispositivos utilizados. Por favor tomar nota de que con la eliminaci\u00f3n de los cookies de sus navegadores tambi\u00e9n se elimina el cookie para la desactivaci\u00f3n del registro de datos. En este caso, el cookie deber\u00e1 ser instalado nuevamente.<\/p>\n<p>&#13;<\/p>\n<\/div><\/div><div class=\"w-separator size_medium\"><\/div><div class=\"wpb_text_column\"><div class=\"wpb_wrapper\"><p>&#13;<\/p>\n<h2>List of cookies used:<\/h2>\n<p>&#13;<\/p>\n<ul>&#13;<\/p>\n<li>&#13;\n<div class=\"c01656 c01666 c01671\">&#13;<\/p>\n<div class=\"c01661\">&#13;<\/p>\n<div class=\"c01663 \">moove_gdpr_popup<\/div>\n<p>&#13;\n<\/p><\/div>\n<p>&#13;\n<\/p><\/div>\n<p>&#13;<\/p>\n<ul>&#13;<\/p>\n<li>La cookie Opt-In almacena la decisi\u00f3n del visitante respecto de la autorizaci\u00f3n de cookies &lt;&gt;. Tambi\u00e9n se utiliza para un posible Opt-Out.<\/li>\n<p>&#13;<\/p>\n<li>Expira: \u00abs\u00ed\u00bb 1 a\u00f1o \/\/ \u00abno\u00bb 1 a\u00f1o.<\/li>\n<p>&#13;\n<\/ul>\n<p>&#13;\n<\/li>\n<p>&#13;<\/p>\n<li>_pk_id.1.92f1&#13;\n<ul>&#13;<\/p>\n<li>Exclusi\u00f3n del recuento (lista de ID de cuenta)<\/li>\n<p>&#13;<\/p>\n<li>Expira: 1 a\u00f1o.<\/li>\n<p>&#13;\n<\/ul>\n<p>&#13;\n<\/li>\n<p>&#13;<\/p>\n<li>_pk_ses.1.92f1&#13;\n<ul>&#13;<\/p>\n<li>Contiene datos codificados de la sesi\u00f3n actual del visitante (referente, n\u00famero de p\u00e1ginas, n\u00famero de segundos desde el inicio de la sesi\u00f3n), que se utiliza para fines de personalizaci\u00f3n.<\/li>\n<p>&#13;<\/p>\n<li>Expira: al terminar (cerrar) la sesi\u00f3n.<\/li>\n<p>&#13;\n<\/ul>\n<p>&#13;\n<\/li>\n<p>&#13;\n<\/ul>\n<p>&#13;<\/p>\n<\/div><\/div><div class=\"w-separator size_medium\"><\/div><div class=\"wpb_text_column\"><div class=\"wpb_wrapper\"><h2>Contact Form<\/h2>\n<p>When using the contact form on this page, the surname, first name, e-mail address and any data or information contained in the text received via the form will be stored and used. This data is processed in accordance with Art. 6, Nr.1, (b) EU-RGPD for the purpose of receiving specific requests via the contact form. <\/p>\n<\/div><\/div><div class=\"w-separator size_medium\"><\/div><div class=\"wpb_text_column\"><div class=\"wpb_wrapper\"><h2>The stored data will not be disclosed to third parties.<\/h2>\n<p>Data is sent to GIZ via an SSL (Secure Socket Layer) encrypted connection, making it difficult for unauthorized persons to access the data. As with requests sent to GIZ via e-mail, requests received via contact form will be deleted after the processing of the requests and the data received will be deleted with the closure of the project. <\/p>\n<\/div><\/div><div class=\"w-separator size_medium\"><\/div><div class=\"wpb_text_column\"><div class=\"wpb_wrapper\"><h2>Other inquiries<\/h2>\n<p>Postal and e-mail addresses, as well as any other information provided in connection with inquiries or orders for informational material, shall be used exclusively for correspondence or shipment.<\/p>\n<\/div><\/div><div class=\"w-separator size_medium\"><\/div><div class=\"wpb_text_column\"><div class=\"wpb_wrapper\"><h2>Cookies<\/h2>\n<p>This website uses cookies, i.e. small files with short texts for technical processing. Without cookies, e.g. if they have been disabled in the browser, it is not possible to use this website in its entirety.<br \/>Matomo Analytics temporary cookies: These session cookies are used for user analysis (see above). They do not contain personal data and expire at the end of the session or at the end of a user survey, which is usually conducted every two years.  <\/p>\n<\/div><\/div><div class=\"w-separator size_medium\"><\/div><div class=\"wpb_text_column\"><div class=\"wpb_wrapper\"><h2>Transfer of personal data<\/h2>\n<ul>\n<li>Personal data will not be transferred to individuals or organizations.<\/li>\n<li>Personal data will not be transferred to other countries.<\/li>\n<\/ul>\n<\/div><\/div><div class=\"w-separator size_medium\"><\/div><div class=\"wpb_text_column\"><div class=\"wpb_wrapper\"><h2>Duration of data storage<\/h2>\n<p>Personal data is periodically deleted,<\/p>\n<ul>\n<li>At the end of their respective processing or execution of contracts.<\/li>\n<li>When there is no express consent of the person involved, or<\/li>\n<li>After the mandatory period for the custody of data and files has expired.<\/li>\n<\/ul>\n<\/div><\/div><div class=\"w-separator size_medium\"><\/div><div class=\"wpb_text_column\"><div class=\"wpb_wrapper\"><h2>Mention of user rights<\/h2>\n<p>The user has the right to refuse the registration and processing of his personal data, to consult his stored and used data, to request the correction of this data, or to demand the limitation in the use and deletion of his personal data. In this case, the respective data will be deleted. <\/p>\n<p>In case of questions and complaints about this website you can contact the e-mail address of the responsible person mentioned at the beginning. In addition, you have the right to contact the supervisory authority for data protection to report cases. The supervisory authority is the Data Protection and Freedom of Information Authority of the Federal Republic of Germany (BfDI).  <\/p>\n<\/div><\/div><\/div><\/div><\/div><\/div><\/section>\n","protected":false},"excerpt":{"rendered":"Data Protection HomePages La entidad responsable para el tratamiento de datos es la Deutsche Gesellschaft f\u00fcr Internationale Zusammenarbeit (GIZ) GmbH.&#13; Direcci\u00f3n de su sede central:Friedrich-Ebert-Allee 36 + 40, 53113 BonnDag-Hammarskj\u00f6ld-Weg 1\u20135, 65760 EschbornE: ursula.richter@giz.deI: www.giz.deContacto de persona responsable: datenschutzbeauftragter@giz.de &#13; &#13; Registration and processing of personal data &#13; General information &#13; La Deutsche Gesellschaft f\u00fcr...","protected":false},"author":1,"featured_media":0,"parent":0,"menu_order":0,"comment_status":"closed","ping_status":"open","template":"","meta":{"_acf_changed":false,"inline_featured_image":false,"footnotes":""},"pais":[],"class_list":["post-22730","page","type-page","status-publish","hentry"],"acf":[],"_links":{"self":[{"href":"\/en\/wp-json\/wp\/v2\/pages\/22730","targetHints":{"allow":["GET"]}}],"collection":[{"href":"\/en\/wp-json\/wp\/v2\/pages"}],"about":[{"href":"\/en\/wp-json\/wp\/v2\/types\/page"}],"author":[{"embeddable":true,"href":"\/en\/wp-json\/wp\/v2\/users\/1"}],"replies":[{"embeddable":true,"href":"\/en\/wp-json\/wp\/v2\/comments?post=22730"}],"version-history":[{"count":1,"href":"\/en\/wp-json\/wp\/v2\/pages\/22730\/revisions"}],"predecessor-version":[{"id":22732,"href":"\/en\/wp-json\/wp\/v2\/pages\/22730\/revisions\/22732"}],"wp:attachment":[{"href":"\/en\/wp-json\/wp\/v2\/media?parent=22730"}],"wp:term":[{"taxonomy":"pais","embeddable":true,"href":"\/en\/wp-json\/wp\/v2\/pais?post=22730"}],"curies":[{"name":"wp","href":"https:\/\/api.w.org\/{rel}","templated":true}]}}