{"id":20875,"date":"2024-05-14T12:22:01","date_gmt":"2024-05-14T16:22:01","guid":{"rendered":"https:\/\/h2lac.org\/atlas-h2lac-2\/"},"modified":"2024-06-24T12:23:40","modified_gmt":"2024-06-24T16:23:40","slug":"atlas-h2lac","status":"publish","type":"page","link":"\/en\/atlas-h2lac\/","title":{"rendered":"Atlas H2LAC"},"content":{"rendered":"<section class=\"l-section wpb_row us_custom_599ef141 height_medium\"><div class=\"l-section-h i-cf\"><div class=\"g-cols vc_row via_grid cols_1 laptops-cols_inherit tablets-cols_inherit mobiles-cols_1 valign_top type_default stacking_default\"><div class=\"wpb_column vc_column_container\"><div class=\"vc_column-inner\"><h1 class=\"w-post-elm post_title us_custom_6df4bc3a has_text_color align_left entry-title color_link_inherit\">Atlas H2LAC<\/h1><\/div><\/div><\/div><\/div><\/section><section class=\"l-section wpb_row us_custom_a5ee0eb6 height_medium\"><div class=\"l-section-h i-cf\"><div class=\"g-cols vc_row via_grid cols_2 laptops-cols_inherit tablets-cols_inherit mobiles-cols_1 valign_middle type_default stacking_default\"><div class=\"wpb_column vc_column_container us_custom_9742ddef\"><div class=\"vc_column-inner\"><h4 class=\"w-text us_custom_e7b5d93c has_text_color hide_on_default hide_on_laptops hide_on_tablets hide_on_mobiles\"><span class=\"w-text-h\"><span class=\"w-text-value\">Atlas H2LAC<\/span><\/span><\/h4><div class=\"wpb_text_column us_custom_0ac98f40\"><div class=\"wpb_wrapper\"><p>En H2LAC recopilamos informaci\u00f3n sobre las estrategias pol\u00edticas y el desarrollo de proyectos de hidr\u00f3geno verde en Am\u00e9rica Latina y el Caribe, proporcionando mapas accesibles que ilustran la situaci\u00f3n de cada pa\u00eds en la regi\u00f3n. Hemos elaborado tres mapas que agrupan esta informaci\u00f3n en tres categor\u00edas: Informaci\u00f3n de pa\u00edses, Proyectos totales y Proyectos en operaci\u00f3n.<\/p>\n<\/div><\/div><div class=\"wpb_text_column us_custom_d7b92256\"><div class=\"wpb_wrapper\"><p><em><strong>Disclaimer:<\/strong><\/em> los datos recopilados se encuentran respaldados en publicaciones de acceso abierto; as\u00ed, s\u00f3lo se consideraron proyectos 1) anunciados de forma p\u00fablica y 2) que tuvieran un respaldo en la web. De todas formas, si hay alg\u00fan proyecto o informaci\u00f3n que falte o que requiera modificaciones, por favor escribir a contacto@h2lac.org<\/p>\n<\/div><\/div><div class=\"w-btn-wrapper align_none\"><a class=\"w-btn us-btn-style_1 us_custom_0bf118f5 icon_atleft\" href=\"\/en\/maps\/\"><i class=\"fas fa-map-marker-alt\"><\/i><span class=\"w-btn-label\">Go to maps<\/span><\/a><\/div><\/div><\/div><div class=\"wpb_column vc_column_container\"><div class=\"vc_column-inner\">[vc_single_image image=&#8221;20626&#8243; img_size=&#8221;full&#8221; el_class=&#8221;mapblend&#8221;]<\/div><\/div><\/div><\/div><\/section><!-- Row Backgrounds --><div class=\"upb_bg_img\" data-ultimate-bg=\"url(https:\/\/h2lac.org\/wp-content\/uploads\/2024\/05\/atlas-fondo.jpg)\" data-image-id=\"id^20622|url^\/wp-content\/uploads\/2024\/05\/atlas-fondo.jpg|caption^null|alt^null|title^atlas-fondo|description^null\" data-ultimate-bg-style=\"vcpb-vz-jquery\" data-bg-img-repeat=\"repeat\" data-bg-img-size=\"cover\" data-bg-img-position=\"\" data-parallx_sense=\"30\" data-bg-override=\"0\" data-bg_img_attach=\"scroll\" data-upb-overlay-color=\"\" data-upb-bg-animation=\"\" data-fadeout=\"\" data-bg-animation=\"left-animation\" data-bg-animation-type=\"h\" data-animation-repeat=\"repeat\" data-fadeout-percentage=\"30\" data-parallax-content=\"\" data-parallax-content-sense=\"30\" data-row-effect-mobile-disable=\"true\" data-img-parallax-mobile-disable=\"true\" data-rtl=\"false\"  data-custom-vc-row=\"\"  data-vc=\"8.7.1\"  data-is_old_vc=\"\"  data-theme-support=\"\"   data-overlay=\"false\" data-overlay-color=\"\" data-overlay-pattern=\"\" data-overlay-pattern-opacity=\"\" data-overlay-pattern-size=\"\"    ><\/div><section class=\"l-section wpb_row us_custom_4e778190 height_medium\"><div class=\"l-section-h i-cf\"><div class=\"g-cols vc_row via_grid cols_3 laptops-cols_inherit tablets-cols_inherit mobiles-cols_1 valign_top type_default stacking_default\"><div class=\"wpb_column vc_column_container\"><div class=\"vc_column-inner\"><h4 class=\"w-text us_custom_c063924a has_text_color\"><a rel=\"nofollow\" title=\"Informaci\u00f3n de paises\" href=\"\/en\/maps\/#1711539804571-10\" class=\"w-text-h\"><span class=\"w-text-value\">Countries information<\/span><\/a><\/h4><div class=\"wpb_text_column us_custom_d6d4ca38\"><div class=\"wpb_wrapper\"><p>Muestra los pa\u00edses de la regi\u00f3n que cuentan con estrategias u hojas de ruta para el hidr\u00f3geno verde. Proporciona detalles sobre la presencia de comit\u00e9s estrat\u00e9gicos, la capacidad de electr\u00f3lisis proyectada, niveles estimados de producci\u00f3n de hidr\u00f3geno, costos nivelados de producci\u00f3n (LCOH), el total de proyectos (anunciados, en desarrollo y en operaci\u00f3n), objetivos de producci\u00f3n de hidr\u00f3geno y\/o derivados, proyecciones de empleo y metas de potencia instalada.<\/p>\n<\/div><\/div><\/div><\/div><div class=\"wpb_column vc_column_container\"><div class=\"vc_column-inner\"><h4 class=\"w-text us_custom_c063924a has_text_color\"><a rel=\"nofollow\" title=\"Proyectos totales\" href=\"\/en\/maps\/#1711539804625-8\" class=\"w-text-h\"><span class=\"w-text-value\">Total projects<\/span><\/a><\/h4><div class=\"wpb_text_column us_custom_d6d4ca38\"><div class=\"wpb_wrapper\"><p>Desglosa los proyectos de hidr\u00f3geno verde por pa\u00eds, diferenciando entre aquellos en desarrollo y en operaci\u00f3n. Adem\u00e1s, clasifica los proyectos seg\u00fan su tipo (producci\u00f3n o implementaci\u00f3n) y detalla los socios involucrados.<\/p>\n<\/div><\/div><\/div><\/div><div class=\"wpb_column vc_column_container\"><div class=\"vc_column-inner\"><h4 class=\"w-text us_custom_c063924a has_text_color\"><a rel=\"nofollow\" title=\"Proyectos en operaci\u00f3n\" href=\"https:\/\/h2lac.org\/mapas-2\/#1711540203916-2-0\" class=\"w-text-h\"><span class=\"w-text-value\">Projects in operation<\/span><\/a><\/h4><div class=\"wpb_text_column us_custom_d6d4ca38\"><div class=\"wpb_wrapper\"><p>Detalla los proyectos en operaci\u00f3n con su respectiva georreferenciaci\u00f3n. Se especifica, seg\u00fan el tipo de proyecto (producci\u00f3n o implementaci\u00f3n), su ubicaci\u00f3n, socios, fecha de inauguraci\u00f3n, inversi\u00f3n, capacidad de producci\u00f3n, capacidad de electr\u00f3lisis, fuente renovable de energ\u00eda, potencia instalada, escala del proyecto y el uso final del hidr\u00f3geno producido. Para los proyectos de implementaci\u00f3n, las especificaciones se adaptan a la naturaleza espec\u00edfica del proyecto.<\/p>\n<\/div><\/div><\/div><\/div><\/div><\/div><\/section>\n","protected":false},"excerpt":{"rendered":"Atlas H2LACAtlas H2LACEn H2LAC recopilamos informaci\u00f3n sobre las estrategias pol\u00edticas y el desarrollo de proyectos de hidr\u00f3geno verde en Am\u00e9rica Latina y el Caribe, proporcionando mapas accesibles que ilustran la situaci\u00f3n de cada pa\u00eds en la regi\u00f3n. Hemos elaborado tres mapas que agrupan esta informaci\u00f3n en tres categor\u00edas: Informaci\u00f3n de pa\u00edses, Proyectos totales y Proyectos...","protected":false},"author":15,"featured_media":0,"parent":0,"menu_order":8,"comment_status":"closed","ping_status":"closed","template":"","meta":{"_acf_changed":false,"inline_featured_image":false,"footnotes":""},"pais":[],"class_list":["post-20875","page","type-page","status-publish","hentry"],"acf":[],"_links":{"self":[{"href":"\/en\/wp-json\/wp\/v2\/pages\/20875","targetHints":{"allow":["GET"]}}],"collection":[{"href":"\/en\/wp-json\/wp\/v2\/pages"}],"about":[{"href":"\/en\/wp-json\/wp\/v2\/types\/page"}],"author":[{"embeddable":true,"href":"\/en\/wp-json\/wp\/v2\/users\/15"}],"replies":[{"embeddable":true,"href":"\/en\/wp-json\/wp\/v2\/comments?post=20875"}],"version-history":[{"count":10,"href":"\/en\/wp-json\/wp\/v2\/pages\/20875\/revisions"}],"predecessor-version":[{"id":21370,"href":"\/en\/wp-json\/wp\/v2\/pages\/20875\/revisions\/21370"}],"wp:attachment":[{"href":"\/en\/wp-json\/wp\/v2\/media?parent=20875"}],"wp:term":[{"taxonomy":"pais","embeddable":true,"href":"\/en\/wp-json\/wp\/v2\/pais?post=20875"}],"curies":[{"name":"wp","href":"https:\/\/api.w.org\/{rel}","templated":true}]}}